{"id":3,"date":"0202-03-12T13:15:41","date_gmt":"0202-03-12T13:15:41","guid":{"rendered":"https:\/\/alcatraz.com.tr\/?page_id=3"},"modified":"2022-03-18T06:15:36","modified_gmt":"2022-03-18T06:15:36","slug":"franchise-basvuru-formu","status":"publish","type":"page","link":"https:\/\/alcatraz.com.tr\/menu\/index.php\/franchise-basvuru-formu\/","title":{"rendered":"Franchise Ba\u015fvuru Formu"},"content":{"rendered":"\n<div class=\"wp-block-group\"><div class=\"wp-block-group__inner-container is-layout-flow wp-block-group-is-layout-flow\">\n<div class=\"wp-block-columns is-layout-flex wp-container-core-columns-is-layout-9d6595d7 wp-block-columns-is-layout-flex\">\n<div class=\"wp-block-column is-layout-flow wp-block-column-is-layout-flow\" style=\"flex-basis:100%\">\n<div class=\"wp-block-group\"><div class=\"wp-block-group__inner-container is-layout-flow wp-block-group-is-layout-flow\">\n<div class=\"wp-block-buttons is-content-justification-center is-layout-flex wp-block-buttons-is-layout-flex\">\n<div class=\"wp-block-button\"><a class=\"wp-block-button__link\" href=\"https:\/\/docs.google.com\/viewerng\/viewer?url=https:\/\/www.alcatraz.com.tr\/alcatraz-franchisee.pdf\" target=\"_blank\" rel=\"noreferrer noopener\"><strong>Franchisee Kitap\u00e7\u0131\u011f\u0131n\u0131 \u0130nceleyiniz<\/strong><\/a><\/div>\n<\/div>\n<\/div><\/div>\n<\/div>\n<\/div>\n<\/div><\/div>\n\n\n\n<script type=\"text\/javascript\" src=\"https:\/\/form.jotform.com\/jsform\/220702252666047\"><\/script>\n","protected":false},"excerpt":{"rendered":"","protected":false},"author":1,"featured_media":0,"parent":0,"menu_order":0,"comment_status":"closed","ping_status":"closed","template":"","meta":{"footnotes":""},"class_list":["post-3","page","type-page","status-publish","hentry"],"_links":{"self":[{"href":"https:\/\/alcatraz.com.tr\/menu\/index.php\/wp-json\/wp\/v2\/pages\/3","targetHints":{"allow":["GET"]}}],"collection":[{"href":"https:\/\/alcatraz.com.tr\/menu\/index.php\/wp-json\/wp\/v2\/pages"}],"about":[{"href":"https:\/\/alcatraz.com.tr\/menu\/index.php\/wp-json\/wp\/v2\/types\/page"}],"author":[{"embeddable":true,"href":"https:\/\/alcatraz.com.tr\/menu\/index.php\/wp-json\/wp\/v2\/users\/1"}],"replies":[{"embeddable":true,"href":"https:\/\/alcatraz.com.tr\/menu\/index.php\/wp-json\/wp\/v2\/comments?post=3"}],"version-history":[{"count":17,"href":"https:\/\/alcatraz.com.tr\/menu\/index.php\/wp-json\/wp\/v2\/pages\/3\/revisions"}],"predecessor-version":[{"id":526,"href":"https:\/\/alcatraz.com.tr\/menu\/index.php\/wp-json\/wp\/v2\/pages\/3\/revisions\/526"}],"wp:attachment":[{"href":"https:\/\/alcatraz.com.tr\/menu\/index.php\/wp-json\/wp\/v2\/media?parent=3"}],"curies":[{"name":"wp","href":"https:\/\/api.w.org\/{rel}","templated":true}]}}